{"id":11,"date":"2019-12-09T17:03:07","date_gmt":"2019-12-09T17:03:07","guid":{"rendered":"http:\/\/sabrinafranz.de\/?page_id=11"},"modified":"2020-03-07T17:07:27","modified_gmt":"2020-03-07T17:07:27","slug":"vita","status":"publish","type":"page","link":"https:\/\/sabrinafranz.de\/?page_id=11","title":{"rendered":"Vita"},"content":{"rendered":"\n<p> <strong>* 1986<\/strong> in Lauf a. d. Pegnitz<br> Lebt und arbeitet in N\u00fcrnberg<br><br> <strong>2006 \u2013 2010:<\/strong> Friedrich-Alexander-Universit\u00e4t Erlangen-N\u00fcrnberg<br> Studium Kunstp\u00e4dagogik, Staatsexamen<br><br> <strong>2010 \u2013 2015:<\/strong> Staatliche Akademie der bildenden K\u00fcnste Karlsruhe<br> Studium freie Malerei und Grafik in der Klasse von Toon Verhoef und Kalin Lindena, Diplom<br><br> <strong>Sommersemester 2014:<\/strong> Tianjin Academy of Fine Arts, China<br> Studium freie Malerei und Grafik in der Klasse von Prof. Deng Guo Yuan<br><\/p>\n\n\n\n<h2 class=\"wp-block-heading\"> Ausstellungen <\/h2>\n\n\n\n<h4 class=\"wp-block-heading\"> 2019 <\/h4>\n\n\n\n<ul class=\"wp-block-list\"><li><em>open atelier<\/em><br>Ausstellungsprojekt der Ateliergemeinschaft \u201ew5 hinten\u201c, S\u00fcdstadt N\u00fcrnberg, D<\/li><\/ul>\n\n\n\n<h4 class=\"wp-block-heading\"> 2018 <\/h4>\n\n\n\n<ul class=\"wp-block-list\"><li><em>Kreateur<\/em><br>Gruppenausstellung, Kunst- und Kulturwerkstatt KAP94, Ingolstadt, D<\/li><\/ul>\n\n\n\n<h4 class=\"wp-block-heading\"> 2016 <\/h4>\n\n\n\n<ul class=\"wp-block-list\"><li><em>Pavillon Calmo<\/em><br>Gruppenausstellung, Orgelfabrik Karlsruhe, D<\/li><\/ul>\n\n\n\n<h4 class=\"wp-block-heading\"> 2015<\/h4>\n\n\n\n<ul class=\"wp-block-list\"><li><em>Klasse Lindena &amp; Friends<\/em><br>Klassenausstellung in Phoenix,-BB, Berlin, D<\/li><\/ul>\n\n\n\n<h4 class=\"wp-block-heading\"> 2014 <\/h4>\n\n\n\n<ul class=\"wp-block-list\"><li><em>Home Art Project<\/em><br>Ausstellungsprojekt junger K\u00fcnstler in Tianjin, CN<\/li><li><em>House Being<\/em><br>Ausstellungsprojekt mit jungen K\u00fcnstlern in Tianjin, CN und D\u00fcsseldorf, D <\/li><li><em>Junge Kunststudenten und K\u00fcnstler stellen aus<\/em><br>BTTI Gallery, Tianjin, CN<\/li><li><em>Abschlussausstellung des Auslandsemesters<\/em><br>Tianjin Academy of fine Arts, CN <\/li><li><em> What means EUROPA to me<\/em><br>Fotoausstellung von Kultur Aktiv e.V., Gallerie, Treibhaus, Dresden, D  <\/li><\/ul>\n\n\n\n<h4 class=\"wp-block-heading\"> 2013 <\/h4>\n\n\n\n<ul class=\"wp-block-list\"><li><em>Preface<\/em><br>Einzelausstellung im Mucharaum, Kunstakademie Karlsruhe, D<\/li><li><em> Nations-Water-Cultures<\/em><br>International Mail Art Exhibition in New York, USA <\/li><\/ul>\n\n\n\n<h4 class=\"wp-block-heading\"> 2012<\/h4>\n\n\n\n<ul class=\"wp-block-list\"><li><em>Achter de Rahmen<\/em><br>Klassenausstellung in Amsterdam, NL<\/li><\/ul>\n\n\n\n<h4 class=\"wp-block-heading\">2011<\/h4>\n\n\n\n<ul class=\"wp-block-list\"><li><em>Zweifellos Zwischentr\u00e4ger<\/em><br>Gruppenausstellung in der Villa Gellert, Karlsruhe, D<\/li><li><em> KulturZeitR\u00e4ume<\/em><br>Ausstellungsprojekt von Kunsttransit, Karlsruhe Innenstadt, D <\/li><\/ul>\n\n\n\n<h4 class=\"wp-block-heading\">2009 <\/h4>\n\n\n\n<ul class=\"wp-block-list\"><li><em>Neu<\/em><br>Gruppenausstellung, St. Paul, N\u00fcrnberg, D<\/li><\/ul>\n","protected":false},"excerpt":{"rendered":"<p>* 1986 in Lauf a. d. Pegnitz Lebt und arbeitet in N\u00fcrnberg 2006 \u2013 2010: Friedrich-Alexander-Universit\u00e4t Erlangen-N\u00fcrnberg Studium Kunstp\u00e4dagogik, Staatsexamen 2010 \u2013 2015: Staatliche Akademie der bildenden K\u00fcnste Karlsruhe Studium freie Malerei und Grafik in der Klasse von Toon Verhoef und Kalin Lindena, Diplom Sommersemester 2014: Tianjin Academy of Fine Arts, China Studium freie Malerei &hellip; <\/p>\n<p class=\"link-more\"><a href=\"https:\/\/sabrinafranz.de\/?page_id=11\" class=\"more-link\"><span class=\"screen-reader-text\">\u201eVita\u201c<\/span> weiterlesen<\/a><\/p>\n","protected":false},"author":1,"featured_media":0,"parent":0,"menu_order":0,"comment_status":"closed","ping_status":"closed","template":"","meta":{"footnotes":""},"class_list":["post-11","page","type-page","status-publish","hentry"],"_links":{"self":[{"href":"https:\/\/sabrinafranz.de\/index.php?rest_route=\/wp\/v2\/pages\/11","targetHints":{"allow":["GET"]}}],"collection":[{"href":"https:\/\/sabrinafranz.de\/index.php?rest_route=\/wp\/v2\/pages"}],"about":[{"href":"https:\/\/sabrinafranz.de\/index.php?rest_route=\/wp\/v2\/types\/page"}],"author":[{"embeddable":true,"href":"https:\/\/sabrinafranz.de\/index.php?rest_route=\/wp\/v2\/users\/1"}],"replies":[{"embeddable":true,"href":"https:\/\/sabrinafranz.de\/index.php?rest_route=%2Fwp%2Fv2%2Fcomments&post=11"}],"version-history":[{"count":7,"href":"https:\/\/sabrinafranz.de\/index.php?rest_route=\/wp\/v2\/pages\/11\/revisions"}],"predecessor-version":[{"id":146,"href":"https:\/\/sabrinafranz.de\/index.php?rest_route=\/wp\/v2\/pages\/11\/revisions\/146"}],"wp:attachment":[{"href":"https:\/\/sabrinafranz.de\/index.php?rest_route=%2Fwp%2Fv2%2Fmedia&parent=11"}],"curies":[{"name":"wp","href":"https:\/\/api.w.org\/{rel}","templated":true}]}}